{"id":132,"date":"2014-01-26T09:29:55","date_gmt":"2014-01-26T08:29:55","guid":{"rendered":"http:\/\/mcbourg.fr\/?page_id=132"},"modified":"2022-05-27T20:21:48","modified_gmt":"2022-05-27T18:21:48","slug":"bibliographie","status":"publish","type":"page","link":"https:\/\/mcbourg.fr\/?page_id=132","title":{"rendered":"Un peu de lecture &#8230;"},"content":{"rendered":"<p><a href=\"https:\/\/mcbourg.fr\/wp-uploads\/2014\/01\/L-allaitement_002.jpg\"><img loading=\"lazy\" decoding=\"async\" class=\"alignnone size-medium wp-image-544\" src=\"https:\/\/mcbourg.fr\/wp-uploads\/2014\/01\/L-allaitement_002-221x300.jpg\" alt=\"\" width=\"221\" height=\"300\" srcset=\"https:\/\/mcbourg.fr\/wp-uploads\/2014\/01\/L-allaitement_002-221x300.jpg 221w, https:\/\/mcbourg.fr\/wp-uploads\/2014\/01\/L-allaitement_002.jpg 400w\" sizes=\"(max-width: 221px) 100vw, 221px\" \/><\/a><a href=\"https:\/\/mcbourg.fr\/wp-uploads\/2014\/01\/Allaitement_Solaro.jpg\"><img loading=\"lazy\" decoding=\"async\" class=\"alignnone size-medium wp-image-439\" src=\"https:\/\/mcbourg.fr\/wp-uploads\/2014\/01\/Allaitement_Solaro-206x300.jpg\" alt=\"allaitement_solaro\" width=\"206\" height=\"300\" srcset=\"https:\/\/mcbourg.fr\/wp-uploads\/2014\/01\/Allaitement_Solaro-206x300.jpg 206w, https:\/\/mcbourg.fr\/wp-uploads\/2014\/01\/Allaitement_Solaro.jpg 342w\" sizes=\"(max-width: 206px) 100vw, 206px\" \/><\/a><\/p>\n<p>Apr\u00e8s un 1er essai avec <strong>&#8220;Ma grossesse en 300 questions-r\u00e9ponses&#8221;<\/strong>, j&#8217;ai \u00e0 nouveau collabor\u00e9 avec plaisir au dernier livre de Marjolaine Solaro :<strong> Le guide de l&#8217;allaitement,<\/strong><\/p>\n<p>Simple et clair, avec toujours autant d&#8217;humour, il permet de bien s&#8217;informer pour mettre toutes les chances de son c\u00f4t\u00e9, et allaiter en \u00e9vitant id\u00e9es re\u00e7ues et mauvais conseils. Il a \u00e9t\u00e9 r\u00e9\u00e9dit\u00e9 et mis \u00e0 jour en f\u00e9vrier 2020.<\/p>\n<p>\u00a0<\/p>\n<p><a href=\"https:\/\/mcbourg.fr\/wp-uploads\/2014\/01\/Solaro_grossesse.jpg\"><img loading=\"lazy\" decoding=\"async\" class=\"alignnone size-medium wp-image-441\" src=\"https:\/\/mcbourg.fr\/wp-uploads\/2014\/01\/Solaro_grossesse-300x300.jpg\" alt=\"solaro_grossesse\" width=\"300\" height=\"300\" srcset=\"https:\/\/mcbourg.fr\/wp-uploads\/2014\/01\/Solaro_grossesse-300x300.jpg 300w, https:\/\/mcbourg.fr\/wp-uploads\/2014\/01\/Solaro_grossesse-150x150.jpg 150w, https:\/\/mcbourg.fr\/wp-uploads\/2014\/01\/Solaro_grossesse.jpg 436w\" sizes=\"(max-width: 300px) 100vw, 300px\" \/><\/a><\/p>\n<p>Avec humour, s\u00e9rieux et l\u00e9g\u00e8ret\u00e9, <strong>Marjolaine Solaro<\/strong> (http:\/\/www.marjoliemaman.com) fait le tour de la <strong>grossesse en 300 questions \/ r\u00e9ponses<\/strong>. Et elle a eu la bonne id\u00e9e de me proposer de collaborer \u00e0 cet excellent guide.<\/p>\n<p>\u00a0<\/p>\n<p><strong><a href=\"https:\/\/mcbourg.fr\/wp-uploads\/2014\/01\/Trelaun_Douleur.jpg\"><img loading=\"lazy\" decoding=\"async\" class=\"alignnone size-medium wp-image-444\" src=\"https:\/\/mcbourg.fr\/wp-uploads\/2014\/01\/Trelaun_Douleur-300x300.jpg\" alt=\"trelaun_douleur\" width=\"300\" height=\"300\" srcset=\"https:\/\/mcbourg.fr\/wp-uploads\/2014\/01\/Trelaun_Douleur-300x300.jpg 300w, https:\/\/mcbourg.fr\/wp-uploads\/2014\/01\/Trelaun_Douleur-150x150.jpg 150w, https:\/\/mcbourg.fr\/wp-uploads\/2014\/01\/Trelaun_Douleur.jpg 436w\" sizes=\"(max-width: 300px) 100vw, 300px\" \/><\/a><\/strong><\/p>\n<p><strong>Ma\u00eftie Tr\u00e9la\u00fcn<\/strong> est sage-femme et pr\u00e9sente ici &#8220;une r\u00e9flexion sur la douleur en g\u00e9n\u00e9ral et la douleur de l&#8217;enfantement en particulier, aux antipodes de l&#8217;hyper m\u00e9dicalisation actuelle. Vous trouverez ici des outils concrets pour vivre ce moment, donner du sens \u00e0 cette douleur, en faire un tremplin vers soi-m\u00eame, et \u00eatre pleinement actrice de cette naissance.&#8221;<\/p>\n<p>\u00a0<\/p>\n<p><a href=\"https:\/\/mcbourg.fr\/wp-uploads\/2014\/01\/Brabant_Naissance-heureuse.jpg\"><img loading=\"lazy\" decoding=\"async\" class=\"alignnone size-medium wp-image-447\" src=\"https:\/\/mcbourg.fr\/wp-uploads\/2014\/01\/Brabant_Naissance-heureuse-300x300.jpg\" alt=\"brabant_naissance-heureuse\" width=\"300\" height=\"300\" srcset=\"https:\/\/mcbourg.fr\/wp-uploads\/2014\/01\/Brabant_Naissance-heureuse-300x300.jpg 300w, https:\/\/mcbourg.fr\/wp-uploads\/2014\/01\/Brabant_Naissance-heureuse-150x150.jpg 150w, https:\/\/mcbourg.fr\/wp-uploads\/2014\/01\/Brabant_Naissance-heureuse.jpg 436w\" sizes=\"(max-width: 300px) 100vw, 300px\" \/><\/a><\/p>\n<p>&#8220;En vingt ans de pratique comme sage-femme, <strong>Isabelle Brabant<\/strong> a \u00e9t\u00e9 le t\u00e9moin privil\u00e9gi\u00e9 d&#8217;accouchements extraordinaires o\u00f9 dominaient le courage des femmes, leur vuln\u00e9rabilit\u00e9, leur puissance, leur cr\u00e9ativit\u00e9 et celle de leurs conjoints.&#8221; Un des meilleurs guides pour vous accompagner depuis la grossesse jusqu&#8217;apr\u00e8s la naissance.<\/p>\n<p>\u00a0<\/p>\n\n\n<p><\/p>\n","protected":false},"excerpt":{"rendered":"<p>Apr\u00e8s un 1er essai avec &#8220;Ma grossesse en 300 questions-r\u00e9ponses&#8221;, j&#8217;ai \u00e0 nouveau collabor\u00e9 avec plaisir au dernier livre de Marjolaine Solaro : Le guide de l&#8217;allaitement, Simple et clair, avec toujours autant d&#8217;humour, il permet de bien s&#8217;informer pour mettre toutes les chances de son c\u00f4t\u00e9, et allaiter en \u00e9vitant id\u00e9es re\u00e7ues et mauvais [&hellip;]<\/p>\n","protected":false},"author":2,"featured_media":0,"parent":0,"menu_order":10,"comment_status":"closed","ping_status":"closed","template":"","meta":{"footnotes":""},"class_list":["post-132","page","type-page","status-publish","hentry"],"_links":{"self":[{"href":"https:\/\/mcbourg.fr\/index.php?rest_route=\/wp\/v2\/pages\/132"}],"collection":[{"href":"https:\/\/mcbourg.fr\/index.php?rest_route=\/wp\/v2\/pages"}],"about":[{"href":"https:\/\/mcbourg.fr\/index.php?rest_route=\/wp\/v2\/types\/page"}],"author":[{"embeddable":true,"href":"https:\/\/mcbourg.fr\/index.php?rest_route=\/wp\/v2\/users\/2"}],"replies":[{"embeddable":true,"href":"https:\/\/mcbourg.fr\/index.php?rest_route=%2Fwp%2Fv2%2Fcomments&post=132"}],"version-history":[{"count":22,"href":"https:\/\/mcbourg.fr\/index.php?rest_route=\/wp\/v2\/pages\/132\/revisions"}],"predecessor-version":[{"id":564,"href":"https:\/\/mcbourg.fr\/index.php?rest_route=\/wp\/v2\/pages\/132\/revisions\/564"}],"wp:attachment":[{"href":"https:\/\/mcbourg.fr\/index.php?rest_route=%2Fwp%2Fv2%2Fmedia&parent=132"}],"curies":[{"name":"wp","href":"https:\/\/api.w.org\/{rel}","templated":true}]}}