{"id":188,"date":"2014-08-13T14:58:20","date_gmt":"2014-08-13T12:58:20","guid":{"rendered":"http:\/\/mcbourg.fr\/?page_id=188"},"modified":"2022-09-19T17:52:56","modified_gmt":"2022-09-19T15:52:56","slug":"consultations","status":"publish","type":"page","link":"https:\/\/mcbourg.fr\/?page_id=188","title":{"rendered":"Consultations (grossesse, gyn\u00e9cologie)"},"content":{"rendered":"<p><strong>Consultation pr\u00e9-conceptionnelle<br \/>\n<\/strong><\/p>\n<p>D\u00e8s qu&#8217;un projet de grossesse commence \u00e0 faire son chemin, nous pouvons nous rencontrer pour :<\/p>\n<ul>\n<li>faire le point sur votre sant\u00e9 et votre forme en g\u00e9n\u00e9ral<\/li>\n<li>vous aider \u00e0 optimiser les conditions et chances pour bien d\u00e9marrer votre grossesse<\/li>\n<li>vous renseigner sur le parcours de d\u00e9but de grossesse : choix de la maternit\u00e9, suivi m\u00e9dical, etc<\/li>\n<\/ul>\n<p>En cas d&#8217;aide m\u00e9dicale \u00e0 la procr\u00e9ation, l&#8217;haptonomie vous aide \u00e0 aborder ce rendez-vous dans les meilleures conditions de d\u00e9tente et d&#8217;accueil pour votre futur enfant.<\/p>\n<p>Pour en savoir plus : <a href=\"http:\/\/www.has-sante.fr\/portail\/jcms\/c_1122036\/fr\/projet-de-grossesse-consultation-preconceptionnelle\">http:\/\/www.has-sante.fr\/portail\/jcms\/c_1122036\/fr\/projet-de-grossesse-consultation-preconceptionnelle<\/a><\/p>\n<p>&nbsp;<\/p>\n<p><strong>Suivi m\u00e9dical de la grossesse<br \/>\n<\/strong><\/p>\n<p>D\u00e8s le retard de r\u00e8gles, ces consultations assurent le suivi m\u00e9dical de votre grossesse, mois apr\u00e8s mois, en dehors de toute pathologie.<\/p>\n<p>Je peux \u00e9galement vous conseiller sur le choix de la maternit\u00e9 en fonction de vos attentes.<\/p>\n<p>Ce suivi m\u00e9dical est assur\u00e9 en relation avec votre maternit\u00e9.<\/p>\n<p>&nbsp;<\/p>\n<p><strong>Suivi m\u00e9dical pour la m\u00e8re et l&#8217;enfant, apr\u00e8s l&#8217;accouchement <\/strong><\/p>\n<p>Apr\u00e8s le retour \u00e0 la maison, pour la surveillance du poids du b\u00e9b\u00e9, des conseils de pu\u00e9riculture, pour surveiller la cicatrisation du p\u00e9rin\u00e9e, etc. Et le cas \u00e9ch\u00e9ant pour vous accompagner dans la bonne mise en route de votre allaitement ou du sevrage, et vous aider en cas d&#8217;\u00e9ventuelles difficult\u00e9s.<\/p>\n<p>&nbsp;<\/p>\n<p><strong>Consultations d&#8217;allaitement<\/strong><\/p>\n<p>A tout moment, vous pouvez consulter votre sage-femme en cas de questions ou de difficult\u00e9s au cours de l&#8217;allaitement : douleur lors des t\u00e9t\u00e9es, baisse de lactation, conseils pour maintenir l&#8217;allaitement lors de la reprise du travail ou pour le sevrage, ou pour tou autres raisons.<\/p>\n<p>&nbsp;<\/p>\n<p><strong>R\u00e9\u00e9ducation du p\u00e9rin\u00e9e :<\/strong> voir la page &#8220;R\u00e9\u00e9ducation p\u00e9rin\u00e9ale&#8221;<\/p>\n<p>&nbsp;<\/p>\n<p><strong>Consultation de contraception apr\u00e8s l&#8217;accouchement<br \/>\n<\/strong><\/p>\n<p>Quelle contraception apr\u00e8s la naissance ? Je vous conseille sur les choix possibles, et vous prescris celle qui vous convient le mieux, en attendant de reprendre votre contraception habituelle.<\/p>\n<p>&nbsp;<\/p>\n<p><strong>Consultation post-natale<br \/>\n<\/strong><\/p>\n<p>Cette consultation a pour but de faire un bilan g\u00e9n\u00e9ral, \u00e0 distance de l&#8217;accouchement : reparler de l&#8217;accouchement si n\u00e9cessaire, voir comment vous vous sentez dans votre nouvelle vie de maman, adapter la contraception si celle que l&#8217;on vous a prescrite \u00e0 la sortie de maternit\u00e9 ne vous convient pas, appr\u00e9cier la tonicit\u00e9 du p\u00e9rin\u00e9e, etc.<\/p>\n<p>Elle est programm\u00e9e \u00e0 partir de 6-8 semaines apr\u00e8s l&#8217;accouchement.<\/p>\n<p>En cas de grossesse pathologique ou si vous avez accouch\u00e9 par c\u00e9sarienne, la visite post-natale se fera dans votre maternit\u00e9 ou aupr\u00e8s de votre gyn\u00e9cologue.<\/p>\n<p>&nbsp;<\/p>\n<p><strong>Consultation de gyn\u00e9cologie et de contraception<br \/>\n<\/strong><\/p>\n<p>Pour toutes les femmes en bonne sant\u00e9 (sans hypertension, diab\u00e8te, etc), de 15 \u00e0&nbsp; 99 ans, votre suivi gyn\u00e9cologique annuel peut \u00eatre assur\u00e9 par un m\u00e9decin g\u00e9n\u00e9raliste, un gyn\u00e9cologue ou une sage-femme : examen des seins, frottis, etc.<\/p>\n<p>En cas de pathologie, ce suivi se fait chez votre gyn\u00e9cologue.<\/p>\n<p>Pour la contraception, je vous conseille sur les diff\u00e9rentes m\u00e9thodes, leurs avantages et leurs inconv\u00e9nients : pilule, anneau contraceptif, patch, implant, dispositif intra-ut\u00e9rin hormonal ou au cuivre (&#8220;st\u00e9rilet&#8221;), diaphragme et cape cervicale, m\u00e9thodes naturelles, ainsi que sur la contraception d&#8217;urgence (anciennement appel\u00e9e &#8220;pilule du lendemain&#8221;).<\/p>\n<p>Pour plus d&#8217;infos :<\/p>\n<p><a title=\"Pour plus d'info\" href=\"http:\/\/www.choisirsacontraception.fr\/\">www.choisirsacontraception.fr<\/a><\/p>\n<p><a title=\"Site de Martin Winckler\" href=\"http:\/\/martinwinckler.com\/\">http:\/\/martinwinckler.com<\/a><\/p>\n<p>&nbsp;<\/p>\n","protected":false},"excerpt":{"rendered":"<p>Consultation pr\u00e9-conceptionnelle D\u00e8s qu&#8217;un projet de grossesse commence \u00e0 faire son chemin, nous pouvons nous rencontrer pour : faire le point sur votre sant\u00e9 et votre forme en g\u00e9n\u00e9ral vous aider \u00e0 optimiser les conditions et chances pour bien d\u00e9marrer votre grossesse vous renseigner sur le parcours de d\u00e9but de grossesse : choix de la [&hellip;]<\/p>\n","protected":false},"author":2,"featured_media":0,"parent":0,"menu_order":0,"comment_status":"closed","ping_status":"closed","template":"","meta":{"footnotes":""},"class_list":["post-188","page","type-page","status-publish","hentry"],"_links":{"self":[{"href":"https:\/\/mcbourg.fr\/index.php?rest_route=\/wp\/v2\/pages\/188"}],"collection":[{"href":"https:\/\/mcbourg.fr\/index.php?rest_route=\/wp\/v2\/pages"}],"about":[{"href":"https:\/\/mcbourg.fr\/index.php?rest_route=\/wp\/v2\/types\/page"}],"author":[{"embeddable":true,"href":"https:\/\/mcbourg.fr\/index.php?rest_route=\/wp\/v2\/users\/2"}],"replies":[{"embeddable":true,"href":"https:\/\/mcbourg.fr\/index.php?rest_route=%2Fwp%2Fv2%2Fcomments&post=188"}],"version-history":[{"count":23,"href":"https:\/\/mcbourg.fr\/index.php?rest_route=\/wp\/v2\/pages\/188\/revisions"}],"predecessor-version":[{"id":606,"href":"https:\/\/mcbourg.fr\/index.php?rest_route=\/wp\/v2\/pages\/188\/revisions\/606"}],"wp:attachment":[{"href":"https:\/\/mcbourg.fr\/index.php?rest_route=%2Fwp%2Fv2%2Fmedia&parent=188"}],"curies":[{"name":"wp","href":"https:\/\/api.w.org\/{rel}","templated":true}]}}