{"id":21,"date":"2012-12-28T01:28:54","date_gmt":"2012-12-28T00:28:54","guid":{"rendered":"http:\/\/mcbourg.fr\/?page_id=21"},"modified":"2018-03-28T11:44:49","modified_gmt":"2018-03-28T09:44:49","slug":"contact","status":"publish","type":"page","link":"https:\/\/mcbourg.fr\/?page_id=21","title":{"rendered":"Acc\u00e8s &#8211; Plan"},"content":{"rendered":"<p><strong>Adresse du cabinet<\/strong><br \/>\n4, rue de la Providence<br \/>\n75013 Paris<br \/>\n<strong>Interphone &#8220;Sage-Femme<\/strong>&#8221; au 1er \u00e9tage, \u00e0 droite de l&#8217;ascenseur.<\/p>\n<p><strong>Acc\u00e8s<\/strong><\/p>\n<ul>\n<li>M\u00b0 Place d&#8217;Italie ou M\u00b0 Tolbiac : lignes 5 &#8211; 6 &#8211; 7<\/li>\n<li>Bus 57 &#8211; 62 &#8211; 67 ou Bus &#8220;Traverse Bi\u00e8vres-Montsouris&#8221;<\/li>\n<li>Tram T3 : arr\u00eat Stade Charl\u00e9ty (+ 15 min de marche)<\/li>\n<li>RER Cit\u00e9 Universitaire (+ 15 min de marche)<\/li>\n<\/ul>\n<p><iframe loading=\"lazy\" src=\"https:\/\/maps.google.fr\/maps?f=q&amp;source=s_q&amp;hl=fr&amp;geocode=&amp;q=4+Rue+de+la+Providence,+Paris&amp;aq=1&amp;oq=4+rue+de+la+Pro&amp;sll=48.858859,2.34706&amp;sspn=0.121296,0.308647&amp;ie=UTF8&amp;hq=&amp;hnear=4+Rue+de+la+Providence,+75013+Paris,+%C3%8Ele-de-France&amp;ll=48.82532,2.349244&amp;spn=0.007586,0.01929&amp;t=m&amp;z=14&amp;output=embed\" width=\"665\" height=\"551\" frameborder=\"0\" marginwidth=\"0\" marginheight=\"0\" scrolling=\"no\"><\/iframe><br \/>\n<small><a style=\"color: #0000ff; text-align: left;\" href=\"https:\/\/maps.google.fr\/maps?f=q&amp;source=embed&amp;hl=fr&amp;geocode=&amp;q=4+Rue+de+la+Providence,+Paris&amp;aq=1&amp;oq=4+rue+de+la+Pro&amp;sll=48.858859,2.34706&amp;sspn=0.121296,0.308647&amp;ie=UTF8&amp;hq=&amp;hnear=4+Rue+de+la+Providence,+75013+Paris,+%C3%8Ele-de-France&amp;ll=48.82532,2.349244&amp;spn=0.007586,0.01929&amp;t=m&amp;z=14\">Agrandir le plan<\/a><\/small><\/p>\n","protected":false},"excerpt":{"rendered":"<p>Adresse du cabinet 4, rue de la Providence 75013 Paris Interphone &#8220;Sage-Femme&#8221; au 1er \u00e9tage, \u00e0 droite de l&#8217;ascenseur. Acc\u00e8s M\u00b0 Place d&#8217;Italie ou M\u00b0 Tolbiac : lignes 5 &#8211; 6 &#8211; 7 Bus 57 &#8211; 62 &#8211; 67 ou Bus &#8220;Traverse Bi\u00e8vres-Montsouris&#8221; Tram T3 : arr\u00eat Stade Charl\u00e9ty (+ 15 min de marche) RER [&hellip;]<\/p>\n","protected":false},"author":1,"featured_media":0,"parent":0,"menu_order":10,"comment_status":"closed","ping_status":"closed","template":"","meta":{"footnotes":""},"class_list":["post-21","page","type-page","status-publish","hentry"],"_links":{"self":[{"href":"https:\/\/mcbourg.fr\/index.php?rest_route=\/wp\/v2\/pages\/21"}],"collection":[{"href":"https:\/\/mcbourg.fr\/index.php?rest_route=\/wp\/v2\/pages"}],"about":[{"href":"https:\/\/mcbourg.fr\/index.php?rest_route=\/wp\/v2\/types\/page"}],"author":[{"embeddable":true,"href":"https:\/\/mcbourg.fr\/index.php?rest_route=\/wp\/v2\/users\/1"}],"replies":[{"embeddable":true,"href":"https:\/\/mcbourg.fr\/index.php?rest_route=%2Fwp%2Fv2%2Fcomments&post=21"}],"version-history":[{"count":25,"href":"https:\/\/mcbourg.fr\/index.php?rest_route=\/wp\/v2\/pages\/21\/revisions"}],"predecessor-version":[{"id":455,"href":"https:\/\/mcbourg.fr\/index.php?rest_route=\/wp\/v2\/pages\/21\/revisions\/455"}],"wp:attachment":[{"href":"https:\/\/mcbourg.fr\/index.php?rest_route=%2Fwp%2Fv2%2Fmedia&parent=21"}],"curies":[{"name":"wp","href":"https:\/\/api.w.org\/{rel}","templated":true}]}}